{"id":8616,"date":"2023-03-07T10:45:00","date_gmt":"2023-03-07T09:45:00","guid":{"rendered":"https:\/\/frigoindus.internetsoft.ovh\/?post_type=product&#038;p=8616"},"modified":"2023-03-07T15:33:10","modified_gmt":"2023-03-07T14:33:10","slug":"negative-room-charcuterie","status":"publish","type":"product","link":"https:\/\/www.frigoindus.net\/en\/produit\/negative-room-charcuterie\/","title":{"rendered":"Negative room Charcuterie"},"content":{"rendered":"","protected":false},"excerpt":{"rendered":"<p>With market-leading expertise, we offer our customers high-tech cold room solutions that can be used anywhere and can save you on installation and maintenance costs. The cold room we provide can offer the best protection for perishables efficient operation and long service life. With extensive experience and expertise in refrigeration solutions, Afric Froid &amp; Frigo Indus have become a qualified and trusted cold room manufacturer.<\/p>\n<p><strong>Set temperature:<\/strong> below 0\u00b0C down to -18\u00b0C<br \/>\nUsage: For frozen fish and meat, frozen poultry, frozen eggs and etc.<\/p>\n","protected":false},"featured_media":9915,"template":"","meta":[],"product_brand":[],"product_cat":[140],"product_tag":[],"class_list":{"0":"post-8616","1":"product","2":"type-product","3":"status-publish","4":"has-post-thumbnail","6":"product_cat-positive-and-negative-cold-rooms","8":"first","9":"instock","10":"shipping-taxable","11":"purchasable","12":"product-type-simple"},"yoast_head":"<!-- This site is optimized with the Yoast SEO Premium plugin v24.6 (Yoast SEO v24.6) - https:\/\/yoast.com\/wordpress\/plugins\/seo\/ -->\n<title>Negative room Charcuterie | Afric Froid Tunisia<\/title>\n<meta name=\"robots\" content=\"index, follow, max-snippet:-1, max-image-preview:large, max-video-preview:-1\" \/>\n<link rel=\"canonical\" href=\"https:\/\/www.frigoindus.net\/en\/produit\/negative-room-charcuterie\/\" \/>\n<meta property=\"og:locale\" content=\"en_US\" \/>\n<meta property=\"og:type\" content=\"article\" \/>\n<meta property=\"og:title\" content=\"Negative room Charcuterie\" \/>\n<meta property=\"og:description\" content=\"With market-leading expertise, we offer our customers high-tech cold room solutions that can be used anywhere and can save you on installation and maintenance costs. The cold room we provide can offer the best protection for perishables efficient operation and long service life. With extensive experience and expertise in refrigeration solutions, Afric Froid &amp; Frigo Indus have become a qualified and trusted cold room manufacturer.  Set temperature: below 0\u00b0C down to -18\u00b0C Usage: For frozen fish and meat, frozen poultry, frozen eggs and etc.\" \/>\n<meta property=\"og:url\" content=\"https:\/\/www.frigoindus.net\/en\/produit\/negative-room-charcuterie\/\" \/>\n<meta property=\"og:site_name\" content=\"Afric Froid Tunisia\" \/>\n<meta property=\"article:modified_time\" content=\"2023-03-07T14:33:10+00:00\" \/>\n<meta property=\"og:image\" content=\"https:\/\/www.frigoindus.net\/wp-content\/uploads\/2023\/03\/chambre-froide-2-1300x698.png\" \/>\n\t<meta property=\"og:image:width\" content=\"1300\" \/>\n\t<meta property=\"og:image:height\" content=\"698\" \/>\n\t<meta property=\"og:image:type\" content=\"image\/png\" \/>\n<meta name=\"twitter:card\" content=\"summary_large_image\" \/>\n<script type=\"application\/ld+json\" class=\"yoast-schema-graph\">{\"@context\":\"https:\/\/schema.org\",\"@graph\":[{\"@type\":\"WebPage\",\"@id\":\"https:\/\/www.frigoindus.net\/en\/produit\/negative-room-charcuterie\/\",\"url\":\"https:\/\/www.frigoindus.net\/en\/produit\/negative-room-charcuterie\/\",\"name\":\"Negative room Charcuterie | Afric Froid Tunisia\",\"isPartOf\":{\"@id\":\"https:\/\/www.frigoindus.net\/en\/#website\"},\"primaryImageOfPage\":{\"@id\":\"https:\/\/www.frigoindus.net\/en\/produit\/negative-room-charcuterie\/#primaryimage\"},\"image\":{\"@id\":\"https:\/\/www.frigoindus.net\/en\/produit\/negative-room-charcuterie\/#primaryimage\"},\"thumbnailUrl\":\"https:\/\/www.frigoindus.net\/wp-content\/uploads\/2023\/03\/chambre-froide-2.png\",\"datePublished\":\"2023-03-07T09:45:00+00:00\",\"dateModified\":\"2023-03-07T14:33:10+00:00\",\"breadcrumb\":{\"@id\":\"https:\/\/www.frigoindus.net\/en\/produit\/negative-room-charcuterie\/#breadcrumb\"},\"inLanguage\":\"en-US\",\"potentialAction\":[{\"@type\":\"ReadAction\",\"target\":[\"https:\/\/www.frigoindus.net\/en\/produit\/negative-room-charcuterie\/\"]}]},{\"@type\":\"ImageObject\",\"inLanguage\":\"en-US\",\"@id\":\"https:\/\/www.frigoindus.net\/en\/produit\/negative-room-charcuterie\/#primaryimage\",\"url\":\"https:\/\/www.frigoindus.net\/wp-content\/uploads\/2023\/03\/chambre-froide-2.png\",\"contentUrl\":\"https:\/\/www.frigoindus.net\/wp-content\/uploads\/2023\/03\/chambre-froide-2.png\",\"width\":1558,\"height\":836,\"caption\":\"\u2022 Chambre froide positive id\u00e9ale pour fruits et l\u00e9gumes \u2022 Syst\u00e8me de r\u00e9frig\u00e9ration performant pour stockage alimentaire \u2022 Chambre froide positive sur mesure pour professionnels\"},{\"@type\":\"BreadcrumbList\",\"@id\":\"https:\/\/www.frigoindus.net\/en\/produit\/negative-room-charcuterie\/#breadcrumb\",\"itemListElement\":[{\"@type\":\"ListItem\",\"position\":1,\"name\":\"Accueil\",\"item\":\"https:\/\/www.frigoindus.net\/\"},{\"@type\":\"ListItem\",\"position\":2,\"name\":\"Produits\",\"item\":\"https:\/\/www.frigoindus.net\/boutique\/\"},{\"@type\":\"ListItem\",\"position\":3,\"name\":\"Negative room Charcuterie\"}]},{\"@type\":\"WebSite\",\"@id\":\"https:\/\/www.frigoindus.net\/en\/#website\",\"url\":\"https:\/\/www.frigoindus.net\/en\/\",\"name\":\"Afric Froid Tunisie\",\"description\":\"UNE PRESENCE REGIONALE !\",\"potentialAction\":[{\"@type\":\"SearchAction\",\"target\":{\"@type\":\"EntryPoint\",\"urlTemplate\":\"https:\/\/www.frigoindus.net\/en\/?s={search_term_string}\"},\"query-input\":{\"@type\":\"PropertyValueSpecification\",\"valueRequired\":true,\"valueName\":\"search_term_string\"}}],\"inLanguage\":\"en-US\"}]}<\/script>\n<!-- \/ Yoast SEO Premium plugin. -->","yoast_head_json":{"title":"Negative room Charcuterie | Afric Froid Tunisia","robots":{"index":"index","follow":"follow","max-snippet":"max-snippet:-1","max-image-preview":"max-image-preview:large","max-video-preview":"max-video-preview:-1"},"canonical":"https:\/\/www.frigoindus.net\/en\/produit\/negative-room-charcuterie\/","og_locale":"en_US","og_type":"article","og_title":"Negative room Charcuterie","og_description":"With market-leading expertise, we offer our customers high-tech cold room solutions that can be used anywhere and can save you on installation and maintenance costs. The cold room we provide can offer the best protection for perishables efficient operation and long service life. With extensive experience and expertise in refrigeration solutions, Afric Froid &amp; Frigo Indus have become a qualified and trusted cold room manufacturer.  Set temperature: below 0\u00b0C down to -18\u00b0C Usage: For frozen fish and meat, frozen poultry, frozen eggs and etc.","og_url":"https:\/\/www.frigoindus.net\/en\/produit\/negative-room-charcuterie\/","og_site_name":"Afric Froid Tunisia","article_modified_time":"2023-03-07T14:33:10+00:00","og_image":[{"width":1300,"height":698,"url":"https:\/\/www.frigoindus.net\/wp-content\/uploads\/2023\/03\/chambre-froide-2-1300x698.png","type":"image\/png"}],"twitter_card":"summary_large_image","schema":{"@context":"https:\/\/schema.org","@graph":[{"@type":"WebPage","@id":"https:\/\/www.frigoindus.net\/en\/produit\/negative-room-charcuterie\/","url":"https:\/\/www.frigoindus.net\/en\/produit\/negative-room-charcuterie\/","name":"Negative room Charcuterie | Afric Froid Tunisia","isPartOf":{"@id":"https:\/\/www.frigoindus.net\/en\/#website"},"primaryImageOfPage":{"@id":"https:\/\/www.frigoindus.net\/en\/produit\/negative-room-charcuterie\/#primaryimage"},"image":{"@id":"https:\/\/www.frigoindus.net\/en\/produit\/negative-room-charcuterie\/#primaryimage"},"thumbnailUrl":"https:\/\/www.frigoindus.net\/wp-content\/uploads\/2023\/03\/chambre-froide-2.png","datePublished":"2023-03-07T09:45:00+00:00","dateModified":"2023-03-07T14:33:10+00:00","breadcrumb":{"@id":"https:\/\/www.frigoindus.net\/en\/produit\/negative-room-charcuterie\/#breadcrumb"},"inLanguage":"en-US","potentialAction":[{"@type":"ReadAction","target":["https:\/\/www.frigoindus.net\/en\/produit\/negative-room-charcuterie\/"]}]},{"@type":"ImageObject","inLanguage":"en-US","@id":"https:\/\/www.frigoindus.net\/en\/produit\/negative-room-charcuterie\/#primaryimage","url":"https:\/\/www.frigoindus.net\/wp-content\/uploads\/2023\/03\/chambre-froide-2.png","contentUrl":"https:\/\/www.frigoindus.net\/wp-content\/uploads\/2023\/03\/chambre-froide-2.png","width":1558,"height":836,"caption":"\u2022 Chambre froide positive id\u00e9ale pour fruits et l\u00e9gumes \u2022 Syst\u00e8me de r\u00e9frig\u00e9ration performant pour stockage alimentaire \u2022 Chambre froide positive sur mesure pour professionnels"},{"@type":"BreadcrumbList","@id":"https:\/\/www.frigoindus.net\/en\/produit\/negative-room-charcuterie\/#breadcrumb","itemListElement":[{"@type":"ListItem","position":1,"name":"Accueil","item":"https:\/\/www.frigoindus.net\/"},{"@type":"ListItem","position":2,"name":"Produits","item":"https:\/\/www.frigoindus.net\/boutique\/"},{"@type":"ListItem","position":3,"name":"Negative room Charcuterie"}]},{"@type":"WebSite","@id":"https:\/\/www.frigoindus.net\/en\/#website","url":"https:\/\/www.frigoindus.net\/en\/","name":"Afric Froid Tunisie","description":"UNE PRESENCE REGIONALE !","potentialAction":[{"@type":"SearchAction","target":{"@type":"EntryPoint","urlTemplate":"https:\/\/www.frigoindus.net\/en\/?s={search_term_string}"},"query-input":{"@type":"PropertyValueSpecification","valueRequired":true,"valueName":"search_term_string"}}],"inLanguage":"en-US"}]}},"_links":{"self":[{"href":"https:\/\/www.frigoindus.net\/en\/wp-json\/wp\/v2\/product\/8616","targetHints":{"allow":["GET"]}}],"collection":[{"href":"https:\/\/www.frigoindus.net\/en\/wp-json\/wp\/v2\/product"}],"about":[{"href":"https:\/\/www.frigoindus.net\/en\/wp-json\/wp\/v2\/types\/product"}],"wp:featuredmedia":[{"embeddable":true,"href":"https:\/\/www.frigoindus.net\/en\/wp-json\/wp\/v2\/media\/9915"}],"wp:attachment":[{"href":"https:\/\/www.frigoindus.net\/en\/wp-json\/wp\/v2\/media?parent=8616"}],"wp:term":[{"taxonomy":"product_brand","embeddable":true,"href":"https:\/\/www.frigoindus.net\/en\/wp-json\/wp\/v2\/product_brand?post=8616"},{"taxonomy":"product_cat","embeddable":true,"href":"https:\/\/www.frigoindus.net\/en\/wp-json\/wp\/v2\/product_cat?post=8616"},{"taxonomy":"product_tag","embeddable":true,"href":"https:\/\/www.frigoindus.net\/en\/wp-json\/wp\/v2\/product_tag?post=8616"}],"curies":[{"name":"wp","href":"https:\/\/api.w.org\/{rel}","templated":true}]}}