{"id":8480,"date":"2023-01-31T16:26:35","date_gmt":"2023-01-31T15:26:35","guid":{"rendered":"https:\/\/frigoindus.internetsoft.ovh\/produit\/centrale-compresseur-a-vis-bitzer\/"},"modified":"2025-05-12T16:15:43","modified_gmt":"2025-05-12T14:15:43","slug":"centrale-compresseur-a-vis-bitzer","status":"publish","type":"product","link":"https:\/\/www.frigoindus.net\/en\/produit\/centrale-compresseur-a-vis-bitzer\/","title":{"rendered":"BITZER screw compressor unit"},"content":{"rendered":"","protected":false},"excerpt":{"rendered":"<p>Efficient, robust, durable: Thanks to the HSK\/N variant, the semi-hermetic HS screw compressors can be used for a large number of applications and refrigerants. The integrated multi-stage power regulator works as an option stepless from the HS.85 model. All HS compressors are suitable for speed regulation. From model HS.85 with IQ MODULE.<\/p>\n<p><strong>The semi-hermetic screw compressors of the latest generation of the BITZER brand have the following advantages:<\/strong><\/p>\n<ul>\n<li>Safe operation of the chambers,<\/li>\n<li>Optimized operation of low temperature chambers,<\/li>\n<li>The screw compressors used are the most suitable for low temperatures, and the most robust on the market.<\/li>\n<\/ul>\n","protected":false},"featured_media":8481,"template":"","meta":[],"product_brand":[],"product_cat":[87,93],"product_tag":[],"class_list":{"0":"post-8480","1":"product","2":"type-product","3":"status-publish","4":"has-post-thumbnail","6":"product_cat-refrigeration-plants","7":"product_cat-bitzer-screw-compressor-unit","9":"first","10":"instock","11":"shipping-taxable","12":"purchasable","13":"product-type-simple"},"yoast_head":"<!-- This site is optimized with the Yoast SEO Premium plugin v24.6 (Yoast SEO v24.6) - https:\/\/yoast.com\/wordpress\/plugins\/seo\/ -->\n<title>BITZER screw compressor unit : performance et fiabilit\u00e9 assur\u00e9es<\/title>\n<meta name=\"description\" content=\"BITZER screw compressor unit, l\u2019excellence en r\u00e9frig\u00e9ration et climatisation pour une performance maximale et une fiabilit\u00e9 in\u00e9gal\u00e9e.\" \/>\n<meta name=\"robots\" content=\"index, follow, max-snippet:-1, max-image-preview:large, max-video-preview:-1\" \/>\n<link rel=\"canonical\" href=\"https:\/\/www.frigoindus.net\/en\/produit\/centrale-compresseur-a-vis-bitzer\/\" \/>\n<meta property=\"og:locale\" content=\"en_US\" \/>\n<meta property=\"og:type\" content=\"article\" \/>\n<meta property=\"og:title\" content=\"BITZER screw compressor unit\" \/>\n<meta property=\"og:description\" content=\"BITZER screw compressor unit, l\u2019excellence en r\u00e9frig\u00e9ration et climatisation pour une performance maximale et une fiabilit\u00e9 in\u00e9gal\u00e9e.\" \/>\n<meta property=\"og:url\" content=\"https:\/\/www.frigoindus.net\/en\/produit\/centrale-compresseur-a-vis-bitzer\/\" \/>\n<meta property=\"og:site_name\" content=\"Afric Froid Tunisia\" \/>\n<meta property=\"article:modified_time\" content=\"2025-05-12T14:15:43+00:00\" \/>\n<meta property=\"og:image\" content=\"https:\/\/www.frigoindus.net\/wp-content\/uploads\/2023\/01\/20150219_151617-PhotoRoom.jpg\" \/>\n\t<meta property=\"og:image:width\" content=\"1000\" \/>\n\t<meta property=\"og:image:height\" content=\"1000\" \/>\n\t<meta property=\"og:image:type\" content=\"image\/jpeg\" \/>\n<meta name=\"twitter:card\" content=\"summary_large_image\" \/>\n<meta name=\"twitter:label1\" content=\"Est. reading time\" \/>\n\t<meta name=\"twitter:data1\" content=\"1 minute\" \/>\n<script type=\"application\/ld+json\" class=\"yoast-schema-graph\">{\"@context\":\"https:\/\/schema.org\",\"@graph\":[{\"@type\":\"WebPage\",\"@id\":\"https:\/\/www.frigoindus.net\/en\/produit\/centrale-compresseur-a-vis-bitzer\/\",\"url\":\"https:\/\/www.frigoindus.net\/en\/produit\/centrale-compresseur-a-vis-bitzer\/\",\"name\":\"BITZER screw compressor unit : performance et fiabilit\u00e9 assur\u00e9es\",\"isPartOf\":{\"@id\":\"https:\/\/www.frigoindus.net\/en\/#website\"},\"primaryImageOfPage\":{\"@id\":\"https:\/\/www.frigoindus.net\/en\/produit\/centrale-compresseur-a-vis-bitzer\/#primaryimage\"},\"image\":{\"@id\":\"https:\/\/www.frigoindus.net\/en\/produit\/centrale-compresseur-a-vis-bitzer\/#primaryimage\"},\"thumbnailUrl\":\"https:\/\/www.frigoindus.net\/wp-content\/uploads\/2023\/01\/20150219_151617-PhotoRoom.jpg\",\"datePublished\":\"2023-01-31T15:26:35+00:00\",\"dateModified\":\"2025-05-12T14:15:43+00:00\",\"description\":\"BITZER screw compressor unit, l\u2019excellence en r\u00e9frig\u00e9ration et climatisation pour une performance maximale et une fiabilit\u00e9 in\u00e9gal\u00e9e.\",\"breadcrumb\":{\"@id\":\"https:\/\/www.frigoindus.net\/en\/produit\/centrale-compresseur-a-vis-bitzer\/#breadcrumb\"},\"inLanguage\":\"en-US\",\"potentialAction\":[{\"@type\":\"ReadAction\",\"target\":[\"https:\/\/www.frigoindus.net\/en\/produit\/centrale-compresseur-a-vis-bitzer\/\"]}]},{\"@type\":\"ImageObject\",\"inLanguage\":\"en-US\",\"@id\":\"https:\/\/www.frigoindus.net\/en\/produit\/centrale-compresseur-a-vis-bitzer\/#primaryimage\",\"url\":\"https:\/\/www.frigoindus.net\/wp-content\/uploads\/2023\/01\/20150219_151617-PhotoRoom.jpg\",\"contentUrl\":\"https:\/\/www.frigoindus.net\/wp-content\/uploads\/2023\/01\/20150219_151617-PhotoRoom.jpg\",\"width\":1000,\"height\":1000},{\"@type\":\"BreadcrumbList\",\"@id\":\"https:\/\/www.frigoindus.net\/en\/produit\/centrale-compresseur-a-vis-bitzer\/#breadcrumb\",\"itemListElement\":[{\"@type\":\"ListItem\",\"position\":1,\"name\":\"Accueil\",\"item\":\"https:\/\/www.frigoindus.net\/\"},{\"@type\":\"ListItem\",\"position\":2,\"name\":\"Produits\",\"item\":\"https:\/\/www.frigoindus.net\/boutique\/\"},{\"@type\":\"ListItem\",\"position\":3,\"name\":\"BITZER screw compressor unit\"}]},{\"@type\":\"WebSite\",\"@id\":\"https:\/\/www.frigoindus.net\/en\/#website\",\"url\":\"https:\/\/www.frigoindus.net\/en\/\",\"name\":\"Afric Froid Tunisie\",\"description\":\"UNE PRESENCE REGIONALE !\",\"potentialAction\":[{\"@type\":\"SearchAction\",\"target\":{\"@type\":\"EntryPoint\",\"urlTemplate\":\"https:\/\/www.frigoindus.net\/en\/?s={search_term_string}\"},\"query-input\":{\"@type\":\"PropertyValueSpecification\",\"valueRequired\":true,\"valueName\":\"search_term_string\"}}],\"inLanguage\":\"en-US\"}]}<\/script>\n<!-- \/ Yoast SEO Premium plugin. -->","yoast_head_json":{"title":"BITZER screw compressor unit : performance et fiabilit\u00e9 assur\u00e9es","description":"BITZER screw compressor unit, l\u2019excellence en r\u00e9frig\u00e9ration et climatisation pour une performance maximale et une fiabilit\u00e9 in\u00e9gal\u00e9e.","robots":{"index":"index","follow":"follow","max-snippet":"max-snippet:-1","max-image-preview":"max-image-preview:large","max-video-preview":"max-video-preview:-1"},"canonical":"https:\/\/www.frigoindus.net\/en\/produit\/centrale-compresseur-a-vis-bitzer\/","og_locale":"en_US","og_type":"article","og_title":"BITZER screw compressor unit","og_description":"BITZER screw compressor unit, l\u2019excellence en r\u00e9frig\u00e9ration et climatisation pour une performance maximale et une fiabilit\u00e9 in\u00e9gal\u00e9e.","og_url":"https:\/\/www.frigoindus.net\/en\/produit\/centrale-compresseur-a-vis-bitzer\/","og_site_name":"Afric Froid Tunisia","article_modified_time":"2025-05-12T14:15:43+00:00","og_image":[{"width":1000,"height":1000,"url":"https:\/\/www.frigoindus.net\/wp-content\/uploads\/2023\/01\/20150219_151617-PhotoRoom.jpg","type":"image\/jpeg"}],"twitter_card":"summary_large_image","twitter_misc":{"Est. reading time":"1 minute"},"schema":{"@context":"https:\/\/schema.org","@graph":[{"@type":"WebPage","@id":"https:\/\/www.frigoindus.net\/en\/produit\/centrale-compresseur-a-vis-bitzer\/","url":"https:\/\/www.frigoindus.net\/en\/produit\/centrale-compresseur-a-vis-bitzer\/","name":"BITZER screw compressor unit : performance et fiabilit\u00e9 assur\u00e9es","isPartOf":{"@id":"https:\/\/www.frigoindus.net\/en\/#website"},"primaryImageOfPage":{"@id":"https:\/\/www.frigoindus.net\/en\/produit\/centrale-compresseur-a-vis-bitzer\/#primaryimage"},"image":{"@id":"https:\/\/www.frigoindus.net\/en\/produit\/centrale-compresseur-a-vis-bitzer\/#primaryimage"},"thumbnailUrl":"https:\/\/www.frigoindus.net\/wp-content\/uploads\/2023\/01\/20150219_151617-PhotoRoom.jpg","datePublished":"2023-01-31T15:26:35+00:00","dateModified":"2025-05-12T14:15:43+00:00","description":"BITZER screw compressor unit, l\u2019excellence en r\u00e9frig\u00e9ration et climatisation pour une performance maximale et une fiabilit\u00e9 in\u00e9gal\u00e9e.","breadcrumb":{"@id":"https:\/\/www.frigoindus.net\/en\/produit\/centrale-compresseur-a-vis-bitzer\/#breadcrumb"},"inLanguage":"en-US","potentialAction":[{"@type":"ReadAction","target":["https:\/\/www.frigoindus.net\/en\/produit\/centrale-compresseur-a-vis-bitzer\/"]}]},{"@type":"ImageObject","inLanguage":"en-US","@id":"https:\/\/www.frigoindus.net\/en\/produit\/centrale-compresseur-a-vis-bitzer\/#primaryimage","url":"https:\/\/www.frigoindus.net\/wp-content\/uploads\/2023\/01\/20150219_151617-PhotoRoom.jpg","contentUrl":"https:\/\/www.frigoindus.net\/wp-content\/uploads\/2023\/01\/20150219_151617-PhotoRoom.jpg","width":1000,"height":1000},{"@type":"BreadcrumbList","@id":"https:\/\/www.frigoindus.net\/en\/produit\/centrale-compresseur-a-vis-bitzer\/#breadcrumb","itemListElement":[{"@type":"ListItem","position":1,"name":"Accueil","item":"https:\/\/www.frigoindus.net\/"},{"@type":"ListItem","position":2,"name":"Produits","item":"https:\/\/www.frigoindus.net\/boutique\/"},{"@type":"ListItem","position":3,"name":"BITZER screw compressor unit"}]},{"@type":"WebSite","@id":"https:\/\/www.frigoindus.net\/en\/#website","url":"https:\/\/www.frigoindus.net\/en\/","name":"Afric Froid Tunisie","description":"UNE PRESENCE REGIONALE !","potentialAction":[{"@type":"SearchAction","target":{"@type":"EntryPoint","urlTemplate":"https:\/\/www.frigoindus.net\/en\/?s={search_term_string}"},"query-input":{"@type":"PropertyValueSpecification","valueRequired":true,"valueName":"search_term_string"}}],"inLanguage":"en-US"}]}},"_links":{"self":[{"href":"https:\/\/www.frigoindus.net\/en\/wp-json\/wp\/v2\/product\/8480","targetHints":{"allow":["GET"]}}],"collection":[{"href":"https:\/\/www.frigoindus.net\/en\/wp-json\/wp\/v2\/product"}],"about":[{"href":"https:\/\/www.frigoindus.net\/en\/wp-json\/wp\/v2\/types\/product"}],"wp:featuredmedia":[{"embeddable":true,"href":"https:\/\/www.frigoindus.net\/en\/wp-json\/wp\/v2\/media\/8481"}],"wp:attachment":[{"href":"https:\/\/www.frigoindus.net\/en\/wp-json\/wp\/v2\/media?parent=8480"}],"wp:term":[{"taxonomy":"product_brand","embeddable":true,"href":"https:\/\/www.frigoindus.net\/en\/wp-json\/wp\/v2\/product_brand?post=8480"},{"taxonomy":"product_cat","embeddable":true,"href":"https:\/\/www.frigoindus.net\/en\/wp-json\/wp\/v2\/product_cat?post=8480"},{"taxonomy":"product_tag","embeddable":true,"href":"https:\/\/www.frigoindus.net\/en\/wp-json\/wp\/v2\/product_tag?post=8480"}],"curies":[{"name":"wp","href":"https:\/\/api.w.org\/{rel}","templated":true}]}}