{"id":8386,"date":"2023-02-20T11:22:24","date_gmt":"2023-02-20T10:22:24","guid":{"rendered":"https:\/\/frigoindus.internetsoft.ovh\/produit\/sonde-pt1000-cable-25-m-surface\/"},"modified":"2023-03-07T16:26:05","modified_gmt":"2023-03-07T15:26:05","slug":"sonde-pt1000-cable-25-m-surface","status":"publish","type":"product","link":"https:\/\/www.frigoindus.net\/en\/produit\/sonde-pt1000-cable-25-m-surface\/","title":{"rendered":"Sonde PT1000 c\u00e2ble 2,5 m surface"},"content":{"rendered":"<section class=\"wpb-content-wrapper\"><p>[vc_row][vc_column width=&#8221;1\/2&#8243;][vc_column_text woodmart_inline=&#8221;no&#8221; text_larger=&#8221;no&#8221;]<\/p>\n<table style=\"height: 320px; border: 1px solid #d4d4d4 !important; width: 561;\">\n<tbody>\n<tr style=\"background-color: #f0f0f0;\">\n<td><strong>Gross weight<\/strong><\/td>\n<td>0.11 kg<\/td>\n<\/tr>\n<tr>\n<td><strong>Net weight <\/strong><\/td>\n<td>Net weight<\/td>\n<\/tr>\n<tr style=\"background-color: #f0f0f0;\">\n<td><strong>Ambient temperature max. [\u00b0C]<\/strong><\/td>\n<td>180 \u00b0C<\/td>\n<\/tr>\n<tr>\n<td><strong>Ambient temperature max. [\u00b0F]<\/strong><\/td>\n<td>356 \u00b0F<\/td>\n<\/tr>\n<tr style=\"background-color: #f0f0f0;\">\n<td><strong>Cable length [in]<\/strong><\/td>\n<td>98.43 in<\/td>\n<\/tr>\n<tr>\n<td><strong>Cable length [m]<\/strong><\/td>\n<td>2.5 m<\/td>\n<\/tr>\n<tr style=\"background-color: #f0f0f0;\">\n<td><strong>Cable tempr. range [\u00b0C] [Max]<\/strong><\/td>\n<td>200 \u00b0C<\/td>\n<\/tr>\n<tr>\n<td><strong>Cable tempr. range [\u00b0C] [Min]<\/strong><\/td>\n<td>-60 \u00b0C<\/td>\n<\/tr>\n<tr style=\"background-color: #f0f0f0;\">\n<td><strong>Cable type<\/strong><\/td>\n<td>Silicone<\/td>\n<\/tr>\n<tr>\n<td><strong>Electrical connection<\/strong><\/td>\n<td>Cable<\/td>\n<\/tr>\n<tr style=\"background-color: #f0f0f0;\">\n<td><strong>Electrical connection size<\/strong><\/td>\n<td>2 wire<\/td>\n<\/tr>\n<tr>\n<td><strong>Enclosure rating IP<\/strong><\/td>\n<td>IP67<\/td>\n<\/tr>\n<tr style=\"background-color: #f0f0f0;\">\n<td><strong>Measuring range [\u00b0C] [Max]<\/strong><\/td>\n<td>200 \u00b0C<\/td>\n<\/tr>\n<tr>\n<td><strong>Measuring range [\u00b0C] [Min]<\/strong><\/td>\n<td>-60 \u00b0C<\/td>\n<\/tr>\n<tr style=\"background-color: #f0f0f0;\">\n<td><strong>Measuring range [\u00b0F] [Max]<\/strong><\/td>\n<td>392 \u00b0F<\/td>\n<\/tr>\n<tr>\n<td><strong>Measuring range [\u00b0F] [Min]<\/strong><\/td>\n<td>-76 \u00b0F<\/td>\n<\/tr>\n<tr style=\"background-color: #f0f0f0;\">\n<td><strong>Packing format<\/strong><\/td>\n<td>Multi pack<\/td>\n<\/tr>\n<tr>\n<td><strong>Product family name<\/strong><\/td>\n<td>AKS<\/td>\n<\/tr>\n<tr style=\"background-color: #f0f0f0;\">\n<td><strong>Product group<\/strong><\/td>\n<td>Sensors<\/td>\n<\/tr>\n<\/tbody>\n<\/table>\n<p>[\/vc_column_text][\/vc_column][vc_column width=&#8221;1\/2&#8243;][vc_column_text woodmart_inline=&#8221;no&#8221; text_larger=&#8221;no&#8221;]<\/p>\n<table style=\"height: 260px; border: 1px solid #d4d4d4 !important; width: 561;\">\n<tbody>\n<tr style=\"background-color: #f0f0f0;\">\n<td>EAN<\/td>\n<td>5702422053705<\/td>\n<\/tr>\n<tr>\n<td><\/td>\n<td><\/td>\n<\/tr>\n<tr style=\"background-color: #f0f0f0;\">\n<td>Product name<\/td>\n<td>Temperature sensor<\/td>\n<\/tr>\n<tr>\n<td>Protection tube diameter [in]<\/td>\n<td>0.23 in<\/td>\n<\/tr>\n<tr style=\"background-color: #f0f0f0;\">\n<td><strong>Protection tube diameter [mm]<\/strong><\/td>\n<td>5.8 mm<\/td>\n<\/tr>\n<tr>\n<td><strong>Protection tube length [in]<\/strong><\/td>\n<td>1.58 in<\/td>\n<\/tr>\n<tr style=\"background-color: #f0f0f0;\">\n<td><strong>Protection tube length [mm]<\/strong><\/td>\n<td>40 mm<\/td>\n<\/tr>\n<tr>\n<td><strong>Protection tube material<\/strong><\/td>\n<td>Stainless steel<\/td>\n<\/tr>\n<tr style=\"background-color: #f0f0f0;\">\n<td><strong>Quantity per packing format<\/strong><\/td>\n<td>36 pc<\/td>\n<\/tr>\n<tr>\n<td><strong>REACH Candidate List substances &gt;0.1%<\/strong><\/td>\n<td>Dodecamethylcyclohexasiloxane (D6, CAS no. 540-97-6)<\/td>\n<\/tr>\n<tr style=\"background-color: #f0f0f0;\">\n<td><strong>Sensor elem. resistance [Ohm]<\/strong><\/td>\n<td>1000 Ohm<\/td>\n<\/tr>\n<tr>\n<td><strong>Sensor element [pc]<\/strong><\/td>\n<td>1 pc<\/td>\n<\/tr>\n<tr style=\"background-color: #f0f0f0;\">\n<td><strong>Sensor element standard <\/strong><\/td>\n<td>EN 60751<\/td>\n<\/tr>\n<tr>\n<td><strong>Sensor element tolerance<\/strong><\/td>\n<td>Class B<\/td>\n<\/tr>\n<tr style=\"background-color: #f0f0f0;\">\n<td><strong>Sensor element type<\/strong><\/td>\n<td>Pt<\/td>\n<\/tr>\n<tr>\n<td><strong>Sensor Insert<\/strong><\/td>\n<td>Fixed<\/td>\n<\/tr>\n<tr style=\"background-color: #f0f0f0;\">\n<td>Type<\/td>\n<td>AKS 21 A<\/td>\n<\/tr>\n<tr>\n<td><strong>Wires [pcs]<\/strong><\/td>\n<td>2 pc<\/td>\n<\/tr>\n<\/tbody>\n<\/table>\n<p>[\/vc_column_text][\/vc_column][\/vc_row]<\/p>\n<\/section>","protected":false},"excerpt":{"rendered":"<p><strong>Plage de mesure [\u00b0C] :<\/strong> -60 &#8211; 200<\/p>\n<p><strong>Racc. \u00c9lect. :<\/strong> C\u00e2ble<\/p>\n<p><strong>Type de c\u00e2ble :<\/strong> Silicone<\/p>\n","protected":false},"featured_media":7753,"template":"","meta":[],"product_brand":[],"product_cat":[132],"product_tag":[],"class_list":{"0":"post-8386","1":"product","2":"type-product","3":"status-publish","4":"has-post-thumbnail","6":"product_cat-probes-and-sensors","8":"first","9":"instock","10":"shipping-taxable","11":"purchasable","12":"product-type-simple"},"yoast_head":"<!-- This site is optimized with the Yoast SEO Premium plugin v24.6 (Yoast SEO v24.6) - https:\/\/yoast.com\/wordpress\/plugins\/seo\/ -->\n<title>Sonde PT1000 c\u00e2ble 2,5 m surface | Afric Froid Tunisia<\/title>\n<meta name=\"robots\" content=\"index, follow, max-snippet:-1, max-image-preview:large, max-video-preview:-1\" \/>\n<link rel=\"canonical\" href=\"https:\/\/www.frigoindus.net\/en\/produit\/sonde-pt1000-cable-25-m-surface\/\" \/>\n<meta property=\"og:locale\" content=\"en_US\" \/>\n<meta property=\"og:type\" content=\"article\" \/>\n<meta property=\"og:title\" content=\"Sonde PT1000 c\u00e2ble 2,5 m surface\" \/>\n<meta property=\"og:description\" content=\"Plage de mesure [\u00b0C] : -60 - 200  Racc. \u00c9lect. : C\u00e2ble  Type de c\u00e2ble : Silicone\" \/>\n<meta property=\"og:url\" content=\"https:\/\/www.frigoindus.net\/en\/produit\/sonde-pt1000-cable-25-m-surface\/\" \/>\n<meta property=\"og:site_name\" content=\"Afric Froid Tunisia\" \/>\n<meta property=\"article:modified_time\" content=\"2023-03-07T15:26:05+00:00\" \/>\n<meta property=\"og:image\" content=\"https:\/\/www.frigoindus.net\/wp-content\/uploads\/2023\/02\/ID106640900470-0101_preview.jpg\" \/>\n\t<meta property=\"og:image:width\" content=\"800\" \/>\n\t<meta property=\"og:image:height\" content=\"800\" \/>\n\t<meta property=\"og:image:type\" content=\"image\/jpeg\" \/>\n<meta name=\"twitter:card\" content=\"summary_large_image\" \/>\n<meta name=\"twitter:label1\" content=\"Est. reading time\" \/>\n\t<meta name=\"twitter:data1\" content=\"1 minute\" \/>\n<script type=\"application\/ld+json\" class=\"yoast-schema-graph\">{\"@context\":\"https:\/\/schema.org\",\"@graph\":[{\"@type\":\"WebPage\",\"@id\":\"https:\/\/www.frigoindus.net\/en\/produit\/sonde-pt1000-cable-25-m-surface\/\",\"url\":\"https:\/\/www.frigoindus.net\/en\/produit\/sonde-pt1000-cable-25-m-surface\/\",\"name\":\"Sonde PT1000 c\u00e2ble 2,5 m surface | Afric Froid Tunisia\",\"isPartOf\":{\"@id\":\"https:\/\/www.frigoindus.net\/en\/#website\"},\"primaryImageOfPage\":{\"@id\":\"https:\/\/www.frigoindus.net\/en\/produit\/sonde-pt1000-cable-25-m-surface\/#primaryimage\"},\"image\":{\"@id\":\"https:\/\/www.frigoindus.net\/en\/produit\/sonde-pt1000-cable-25-m-surface\/#primaryimage\"},\"thumbnailUrl\":\"https:\/\/www.frigoindus.net\/wp-content\/uploads\/2023\/02\/ID106640900470-0101_preview.jpg\",\"datePublished\":\"2023-02-20T10:22:24+00:00\",\"dateModified\":\"2023-03-07T15:26:05+00:00\",\"breadcrumb\":{\"@id\":\"https:\/\/www.frigoindus.net\/en\/produit\/sonde-pt1000-cable-25-m-surface\/#breadcrumb\"},\"inLanguage\":\"en-US\",\"potentialAction\":[{\"@type\":\"ReadAction\",\"target\":[\"https:\/\/www.frigoindus.net\/en\/produit\/sonde-pt1000-cable-25-m-surface\/\"]}]},{\"@type\":\"ImageObject\",\"inLanguage\":\"en-US\",\"@id\":\"https:\/\/www.frigoindus.net\/en\/produit\/sonde-pt1000-cable-25-m-surface\/#primaryimage\",\"url\":\"https:\/\/www.frigoindus.net\/wp-content\/uploads\/2023\/02\/ID106640900470-0101_preview.jpg\",\"contentUrl\":\"https:\/\/www.frigoindus.net\/wp-content\/uploads\/2023\/02\/ID106640900470-0101_preview.jpg\",\"width\":800,\"height\":800},{\"@type\":\"BreadcrumbList\",\"@id\":\"https:\/\/www.frigoindus.net\/en\/produit\/sonde-pt1000-cable-25-m-surface\/#breadcrumb\",\"itemListElement\":[{\"@type\":\"ListItem\",\"position\":1,\"name\":\"Accueil\",\"item\":\"https:\/\/www.frigoindus.net\/\"},{\"@type\":\"ListItem\",\"position\":2,\"name\":\"Produits\",\"item\":\"https:\/\/www.frigoindus.net\/boutique\/\"},{\"@type\":\"ListItem\",\"position\":3,\"name\":\"Sonde PT1000 c\u00e2ble 2,5 m surface\"}]},{\"@type\":\"WebSite\",\"@id\":\"https:\/\/www.frigoindus.net\/en\/#website\",\"url\":\"https:\/\/www.frigoindus.net\/en\/\",\"name\":\"Afric Froid Tunisie\",\"description\":\"UNE PRESENCE REGIONALE !\",\"potentialAction\":[{\"@type\":\"SearchAction\",\"target\":{\"@type\":\"EntryPoint\",\"urlTemplate\":\"https:\/\/www.frigoindus.net\/en\/?s={search_term_string}\"},\"query-input\":{\"@type\":\"PropertyValueSpecification\",\"valueRequired\":true,\"valueName\":\"search_term_string\"}}],\"inLanguage\":\"en-US\"}]}<\/script>\n<!-- \/ Yoast SEO Premium plugin. -->","yoast_head_json":{"title":"Sonde PT1000 c\u00e2ble 2,5 m surface | Afric Froid Tunisia","robots":{"index":"index","follow":"follow","max-snippet":"max-snippet:-1","max-image-preview":"max-image-preview:large","max-video-preview":"max-video-preview:-1"},"canonical":"https:\/\/www.frigoindus.net\/en\/produit\/sonde-pt1000-cable-25-m-surface\/","og_locale":"en_US","og_type":"article","og_title":"Sonde PT1000 c\u00e2ble 2,5 m surface","og_description":"Plage de mesure [\u00b0C] : -60 - 200  Racc. \u00c9lect. : C\u00e2ble  Type de c\u00e2ble : Silicone","og_url":"https:\/\/www.frigoindus.net\/en\/produit\/sonde-pt1000-cable-25-m-surface\/","og_site_name":"Afric Froid Tunisia","article_modified_time":"2023-03-07T15:26:05+00:00","og_image":[{"width":800,"height":800,"url":"https:\/\/www.frigoindus.net\/wp-content\/uploads\/2023\/02\/ID106640900470-0101_preview.jpg","type":"image\/jpeg"}],"twitter_card":"summary_large_image","twitter_misc":{"Est. reading time":"1 minute"},"schema":{"@context":"https:\/\/schema.org","@graph":[{"@type":"WebPage","@id":"https:\/\/www.frigoindus.net\/en\/produit\/sonde-pt1000-cable-25-m-surface\/","url":"https:\/\/www.frigoindus.net\/en\/produit\/sonde-pt1000-cable-25-m-surface\/","name":"Sonde PT1000 c\u00e2ble 2,5 m surface | Afric Froid Tunisia","isPartOf":{"@id":"https:\/\/www.frigoindus.net\/en\/#website"},"primaryImageOfPage":{"@id":"https:\/\/www.frigoindus.net\/en\/produit\/sonde-pt1000-cable-25-m-surface\/#primaryimage"},"image":{"@id":"https:\/\/www.frigoindus.net\/en\/produit\/sonde-pt1000-cable-25-m-surface\/#primaryimage"},"thumbnailUrl":"https:\/\/www.frigoindus.net\/wp-content\/uploads\/2023\/02\/ID106640900470-0101_preview.jpg","datePublished":"2023-02-20T10:22:24+00:00","dateModified":"2023-03-07T15:26:05+00:00","breadcrumb":{"@id":"https:\/\/www.frigoindus.net\/en\/produit\/sonde-pt1000-cable-25-m-surface\/#breadcrumb"},"inLanguage":"en-US","potentialAction":[{"@type":"ReadAction","target":["https:\/\/www.frigoindus.net\/en\/produit\/sonde-pt1000-cable-25-m-surface\/"]}]},{"@type":"ImageObject","inLanguage":"en-US","@id":"https:\/\/www.frigoindus.net\/en\/produit\/sonde-pt1000-cable-25-m-surface\/#primaryimage","url":"https:\/\/www.frigoindus.net\/wp-content\/uploads\/2023\/02\/ID106640900470-0101_preview.jpg","contentUrl":"https:\/\/www.frigoindus.net\/wp-content\/uploads\/2023\/02\/ID106640900470-0101_preview.jpg","width":800,"height":800},{"@type":"BreadcrumbList","@id":"https:\/\/www.frigoindus.net\/en\/produit\/sonde-pt1000-cable-25-m-surface\/#breadcrumb","itemListElement":[{"@type":"ListItem","position":1,"name":"Accueil","item":"https:\/\/www.frigoindus.net\/"},{"@type":"ListItem","position":2,"name":"Produits","item":"https:\/\/www.frigoindus.net\/boutique\/"},{"@type":"ListItem","position":3,"name":"Sonde PT1000 c\u00e2ble 2,5 m surface"}]},{"@type":"WebSite","@id":"https:\/\/www.frigoindus.net\/en\/#website","url":"https:\/\/www.frigoindus.net\/en\/","name":"Afric Froid Tunisie","description":"UNE PRESENCE REGIONALE !","potentialAction":[{"@type":"SearchAction","target":{"@type":"EntryPoint","urlTemplate":"https:\/\/www.frigoindus.net\/en\/?s={search_term_string}"},"query-input":{"@type":"PropertyValueSpecification","valueRequired":true,"valueName":"search_term_string"}}],"inLanguage":"en-US"}]}},"_links":{"self":[{"href":"https:\/\/www.frigoindus.net\/en\/wp-json\/wp\/v2\/product\/8386","targetHints":{"allow":["GET"]}}],"collection":[{"href":"https:\/\/www.frigoindus.net\/en\/wp-json\/wp\/v2\/product"}],"about":[{"href":"https:\/\/www.frigoindus.net\/en\/wp-json\/wp\/v2\/types\/product"}],"wp:featuredmedia":[{"embeddable":true,"href":"https:\/\/www.frigoindus.net\/en\/wp-json\/wp\/v2\/media\/7753"}],"wp:attachment":[{"href":"https:\/\/www.frigoindus.net\/en\/wp-json\/wp\/v2\/media?parent=8386"}],"wp:term":[{"taxonomy":"product_brand","embeddable":true,"href":"https:\/\/www.frigoindus.net\/en\/wp-json\/wp\/v2\/product_brand?post=8386"},{"taxonomy":"product_cat","embeddable":true,"href":"https:\/\/www.frigoindus.net\/en\/wp-json\/wp\/v2\/product_cat?post=8386"},{"taxonomy":"product_tag","embeddable":true,"href":"https:\/\/www.frigoindus.net\/en\/wp-json\/wp\/v2\/product_tag?post=8386"}],"curies":[{"name":"wp","href":"https:\/\/api.w.org\/{rel}","templated":true}]}}