{"id":8292,"date":"2023-02-23T16:56:34","date_gmt":"2023-02-23T15:56:34","guid":{"rendered":"https:\/\/frigoindus.internetsoft.ovh\/produit\/bobine-akv10-15-230-vdc-pour-akc-11n\/"},"modified":"2023-03-07T16:19:03","modified_gmt":"2023-03-07T15:19:03","slug":"bobine-akv10-15-230-vdc-pour-akc-11n","status":"publish","type":"product","link":"https:\/\/www.frigoindus.net\/en\/produit\/bobine-akv10-15-230-vdc-pour-akc-11n\/","title":{"rendered":"Bobine AKV10-15 230 VDC pour AKC 11n"},"content":{"rendered":"<section class=\"wpb-content-wrapper\"><p>[vc_row][vc_column width=&#8221;1\/2&#8243;][vc_column_text woodmart_inline=&#8221;no&#8221; text_larger=&#8221;no&#8221;]<\/p>\n<table style=\"height: 320px; border: 1px solid #d4d4d4 !important; width: 561;\">\n<tbody>\n<tr style=\"background-color: #f0f0f0;\">\n<td><strong>Gross weight<\/strong><\/td>\n<td>0.34 kg<\/td>\n<\/tr>\n<tr>\n<td><strong>Net weight<\/strong><\/td>\n<td>0.31 kg<\/td>\n<\/tr>\n<tr style=\"background-color: #f0f0f0;\">\n<td><strong>Actuator size<\/strong><\/td>\n<td>13.5 mm<\/td>\n<\/tr>\n<tr>\n<td><strong>Ambient temperature range [\u00b0C] [Max]<\/strong><\/td>\n<td>50 \u00b0C<\/td>\n<\/tr>\n<tr style=\"background-color: #f0f0f0;\">\n<td><strong>Ambient temperature range [\u00b0C] [Min]<\/strong><\/td>\n<td>-40 \u00b0C<\/td>\n<\/tr>\n<tr>\n<td><strong>Ambient temperature range [\u00b0F] [Max]<\/strong><\/td>\n<td>120 \u00b0F<\/td>\n<\/tr>\n<tr style=\"background-color: #f0f0f0;\">\n<td><strong>Ambient temperature range [\u00b0F] [Min]<\/strong><\/td>\n<td>-40 \u00b0F<\/td>\n<\/tr>\n<tr>\n<td><strong>Approval<\/strong><\/td>\n<td>LLC CDC TYSK<br \/>\nCE<br \/>\nEAC<br \/>\nUKCA<\/td>\n<\/tr>\n<tr style=\"background-color: #f0f0f0;\">\n<td><strong>Cable diameter [mm] [Max]<\/strong><\/td>\n<td>11 mm<\/td>\n<\/tr>\n<tr>\n<td><strong>Cable diameter [mm] [Min]<\/strong><\/td>\n<td>6 mm<\/td>\n<\/tr>\n<tr style=\"background-color: #f0f0f0;\">\n<td><strong>Coil connection<\/strong><\/td>\n<td>Connection box<\/td>\n<\/tr>\n<tr>\n<td><strong>Coil design standard<\/strong><\/td>\n<td>VDE 0580<\/td>\n<\/tr>\n<tr style=\"background-color: #f0f0f0;\">\n<td><strong>Coil fastening<\/strong><\/td>\n<td>Clip-on<\/td>\n<\/tr>\n<tr>\n<td><strong>Coil winding insulation class<\/strong><\/td>\n<td>Class H to IEC 85<\/td>\n<\/tr>\n<tr style=\"background-color: #f0f0f0;\">\n<td><strong>Colour<\/strong><\/td>\n<td>Blue<\/td>\n<\/tr>\n<tr>\n<td><strong>Compliance <\/strong><\/td>\n<td>EN 60730-1<\/td>\n<\/tr>\n<tr style=\"background-color: #f0f0f0;\">\n<td><strong>Conductor area [mm2]<\/strong><\/td>\n<td>0.75 &#8211; 1.5 mm2<\/td>\n<\/tr>\n<tr>\n<td><strong>Duty rating<\/strong><\/td>\n<td>Continuous<\/td>\n<\/tr>\n<tr style=\"background-color: #f0f0f0;\">\n<td><strong>Electrical connection<\/strong><\/td>\n<td>Terminal box<\/td>\n<\/tr>\n<tr>\n<td><strong>Electrical connection size<\/strong><\/td>\n<td>Pg 13.5<\/td>\n<\/tr>\n<tr style=\"background-color: #f0f0f0;\">\n<td><strong>Electrical connector<\/strong><\/td>\n<td>Screwed cable entry<\/td>\n<\/tr>\n<\/tbody>\n<\/table>\n<p>[\/vc_column_text][\/vc_column][vc_column width=&#8221;1\/2&#8243;]\t\t<div id=\"wd-63fe6032b9429\" class=\"wd-text-block wd-wpb reset-last-child wd-rs-63fe6032b9429 text-left \">\n\t\t\t<table style=\"height: 260px; border: 1px solid #d4d4d4 !important; width: 561;\">\n<tbody>\n<tr style=\"background-color: #f0f0f0;\">\n<td><strong>EAN<\/strong><\/td>\n<td>5702428022941<\/td>\n<\/tr>\n<tr>\n<td><\/td>\n<td><\/td>\n<\/tr>\n<tr style=\"background-color: #f0f0f0;\">\n<td><strong>Enclosure rating IP<\/strong><\/td>\n<td>IP67<\/td>\n<\/tr>\n<tr>\n<td><strong>Identical product<\/strong><\/td>\n<td>018F8781<\/td>\n<\/tr>\n<tr style=\"background-color: #f0f0f0;\">\n<td><strong>Packing format<\/strong><\/td>\n<td>Multi pack<\/td>\n<\/tr>\n<tr>\n<td><strong>Parts Program name<\/strong><\/td>\n<td>EV210B<br \/>\nEV212B<br \/>\nEV220B 15 &#8211; 50<br \/>\nEV220B 6 &#8211; 22<br \/>\nEV220B 65 &#8211; 100<br \/>\nEV222B<br \/>\nEV224B<br \/>\nEV227B<br \/>\nEV250B<br \/>\nEV251B<\/td>\n<\/tr>\n<tr style=\"background-color: #f0f0f0;\">\n<td><strong>Power consumption [W] DC<\/strong><\/td>\n<td>18 W<\/td>\n<\/tr>\n<tr>\n<td><strong>Product accessories<\/strong><\/td>\n<td>Solenoid coil accessories<\/td>\n<\/tr>\n<tr style=\"background-color: #f0f0f0;\">\n<td><strong>Product group<\/strong><\/td>\n<td>Solenoid valves<\/td>\n<\/tr>\n<tr>\n<td><strong>Product name<\/strong><\/td>\n<td>Solenoid coil<\/td>\n<\/tr>\n<tr style=\"background-color: #f0f0f0;\">\n<td><strong>Quantity per packing format<\/strong><\/td>\n<td>32 pc<\/td>\n<\/tr>\n<tr>\n<td><strong>REACH Candidate List substances &gt;0.1%<\/strong><\/td>\n<td>Lead (CAS no. 7439-92-1)<\/td>\n<\/tr>\n<tr style=\"background-color: #f0f0f0;\">\n<td><strong>Rel. Humidity [% RH] [Max]<\/strong><\/td>\n<td>100 %<\/td>\n<\/tr>\n<tr>\n<td><strong>Rel. Humidity [% RH] [Min]<\/strong><\/td>\n<td>0 %<\/td>\n<\/tr>\n<tr style=\"background-color: #f0f0f0;\">\n<td><strong>Serviceable <\/strong><\/td>\n<td>No<\/td>\n<\/tr>\n<tr>\n<td><strong>Spare part number<\/strong><\/td>\n<td>018F6991<\/td>\n<\/tr>\n<tr style=\"background-color: #f0f0f0;\">\n<td><strong>Supply voltage [V] DC<\/strong><\/td>\n<td>230 V<\/td>\n<\/tr>\n<tr>\n<td><strong>Type<\/strong><\/td>\n<td>BE230DS<\/td>\n<\/tr>\n<tr style=\"background-color: #f0f0f0;\">\n<td><strong>Type designation<\/strong><\/td>\n<td>BE230DS<\/td>\n<\/tr>\n<tr>\n<td><strong>Used for product<\/strong><\/td>\n<td>AKV<\/td>\n<\/tr>\n<\/tbody>\n<\/table>\n\t\t<\/div>\n\t\t[\/vc_column][\/vc_row]<\/p>\n<\/section>","protected":false},"excerpt":{"rendered":"<p><strong>Racc. \u00c9lect. :<\/strong> Bo\u00eete \u00e0 borne<\/p>\n<p><strong>Indice de protection :<\/strong> IP67<\/p>\n<p>&nbsp;<\/p>\n","protected":false},"featured_media":7927,"template":"","meta":[],"product_brand":[],"product_cat":[126],"product_tag":[],"class_list":{"0":"post-8292","1":"product","2":"type-product","3":"status-publish","4":"has-post-thumbnail","6":"product_cat-regulator-and-accessories","8":"first","9":"instock","10":"shipping-taxable","11":"purchasable","12":"product-type-simple"},"yoast_head":"<!-- This site is optimized with the Yoast SEO Premium plugin v24.6 (Yoast SEO v24.6) - https:\/\/yoast.com\/wordpress\/plugins\/seo\/ -->\n<title>Bobine AKV10-15 230 VDC pour AKC 11n | Afric Froid Tunisia<\/title>\n<meta name=\"robots\" content=\"index, follow, max-snippet:-1, max-image-preview:large, max-video-preview:-1\" \/>\n<link rel=\"canonical\" href=\"https:\/\/www.frigoindus.net\/en\/produit\/bobine-akv10-15-230-vdc-pour-akc-11n\/\" \/>\n<meta property=\"og:locale\" content=\"en_US\" \/>\n<meta property=\"og:type\" content=\"article\" \/>\n<meta property=\"og:title\" content=\"Bobine AKV10-15 230 VDC pour AKC 11n\" \/>\n<meta property=\"og:description\" content=\"Racc. \u00c9lect. : Bo\u00eete \u00e0 borne  Indice de protection : IP67  &nbsp;\" \/>\n<meta property=\"og:url\" content=\"https:\/\/www.frigoindus.net\/en\/produit\/bobine-akv10-15-230-vdc-pour-akc-11n\/\" \/>\n<meta property=\"og:site_name\" content=\"Afric Froid Tunisia\" \/>\n<meta property=\"article:modified_time\" content=\"2023-03-07T15:19:03+00:00\" \/>\n<meta property=\"og:image\" content=\"https:\/\/www.frigoindus.net\/wp-content\/uploads\/2023\/02\/ID106634766935-0101.png\" \/>\n\t<meta property=\"og:image:width\" content=\"800\" \/>\n\t<meta property=\"og:image:height\" content=\"800\" \/>\n\t<meta property=\"og:image:type\" content=\"image\/png\" \/>\n<meta name=\"twitter:card\" content=\"summary_large_image\" \/>\n<meta name=\"twitter:label1\" content=\"Est. reading time\" \/>\n\t<meta name=\"twitter:data1\" content=\"1 minute\" \/>\n<script type=\"application\/ld+json\" class=\"yoast-schema-graph\">{\"@context\":\"https:\/\/schema.org\",\"@graph\":[{\"@type\":\"WebPage\",\"@id\":\"https:\/\/www.frigoindus.net\/en\/produit\/bobine-akv10-15-230-vdc-pour-akc-11n\/\",\"url\":\"https:\/\/www.frigoindus.net\/en\/produit\/bobine-akv10-15-230-vdc-pour-akc-11n\/\",\"name\":\"Bobine AKV10-15 230 VDC pour AKC 11n | Afric Froid Tunisia\",\"isPartOf\":{\"@id\":\"https:\/\/www.frigoindus.net\/en\/#website\"},\"primaryImageOfPage\":{\"@id\":\"https:\/\/www.frigoindus.net\/en\/produit\/bobine-akv10-15-230-vdc-pour-akc-11n\/#primaryimage\"},\"image\":{\"@id\":\"https:\/\/www.frigoindus.net\/en\/produit\/bobine-akv10-15-230-vdc-pour-akc-11n\/#primaryimage\"},\"thumbnailUrl\":\"https:\/\/www.frigoindus.net\/wp-content\/uploads\/2023\/02\/ID106634766935-0101.png\",\"datePublished\":\"2023-02-23T15:56:34+00:00\",\"dateModified\":\"2023-03-07T15:19:03+00:00\",\"breadcrumb\":{\"@id\":\"https:\/\/www.frigoindus.net\/en\/produit\/bobine-akv10-15-230-vdc-pour-akc-11n\/#breadcrumb\"},\"inLanguage\":\"en-US\",\"potentialAction\":[{\"@type\":\"ReadAction\",\"target\":[\"https:\/\/www.frigoindus.net\/en\/produit\/bobine-akv10-15-230-vdc-pour-akc-11n\/\"]}]},{\"@type\":\"ImageObject\",\"inLanguage\":\"en-US\",\"@id\":\"https:\/\/www.frigoindus.net\/en\/produit\/bobine-akv10-15-230-vdc-pour-akc-11n\/#primaryimage\",\"url\":\"https:\/\/www.frigoindus.net\/wp-content\/uploads\/2023\/02\/ID106634766935-0101.png\",\"contentUrl\":\"https:\/\/www.frigoindus.net\/wp-content\/uploads\/2023\/02\/ID106634766935-0101.png\",\"width\":800,\"height\":800,\"caption\":\"Bo\u00eete \u00e0 borne\"},{\"@type\":\"BreadcrumbList\",\"@id\":\"https:\/\/www.frigoindus.net\/en\/produit\/bobine-akv10-15-230-vdc-pour-akc-11n\/#breadcrumb\",\"itemListElement\":[{\"@type\":\"ListItem\",\"position\":1,\"name\":\"Accueil\",\"item\":\"https:\/\/www.frigoindus.net\/\"},{\"@type\":\"ListItem\",\"position\":2,\"name\":\"Produits\",\"item\":\"https:\/\/www.frigoindus.net\/boutique\/\"},{\"@type\":\"ListItem\",\"position\":3,\"name\":\"Bobine AKV10-15 230 VDC pour AKC 11n\"}]},{\"@type\":\"WebSite\",\"@id\":\"https:\/\/www.frigoindus.net\/en\/#website\",\"url\":\"https:\/\/www.frigoindus.net\/en\/\",\"name\":\"Afric Froid Tunisie\",\"description\":\"UNE PRESENCE REGIONALE !\",\"potentialAction\":[{\"@type\":\"SearchAction\",\"target\":{\"@type\":\"EntryPoint\",\"urlTemplate\":\"https:\/\/www.frigoindus.net\/en\/?s={search_term_string}\"},\"query-input\":{\"@type\":\"PropertyValueSpecification\",\"valueRequired\":true,\"valueName\":\"search_term_string\"}}],\"inLanguage\":\"en-US\"}]}<\/script>\n<!-- \/ Yoast SEO Premium plugin. -->","yoast_head_json":{"title":"Bobine AKV10-15 230 VDC pour AKC 11n | Afric Froid Tunisia","robots":{"index":"index","follow":"follow","max-snippet":"max-snippet:-1","max-image-preview":"max-image-preview:large","max-video-preview":"max-video-preview:-1"},"canonical":"https:\/\/www.frigoindus.net\/en\/produit\/bobine-akv10-15-230-vdc-pour-akc-11n\/","og_locale":"en_US","og_type":"article","og_title":"Bobine AKV10-15 230 VDC pour AKC 11n","og_description":"Racc. \u00c9lect. : Bo\u00eete \u00e0 borne  Indice de protection : IP67  &nbsp;","og_url":"https:\/\/www.frigoindus.net\/en\/produit\/bobine-akv10-15-230-vdc-pour-akc-11n\/","og_site_name":"Afric Froid Tunisia","article_modified_time":"2023-03-07T15:19:03+00:00","og_image":[{"width":800,"height":800,"url":"https:\/\/www.frigoindus.net\/wp-content\/uploads\/2023\/02\/ID106634766935-0101.png","type":"image\/png"}],"twitter_card":"summary_large_image","twitter_misc":{"Est. reading time":"1 minute"},"schema":{"@context":"https:\/\/schema.org","@graph":[{"@type":"WebPage","@id":"https:\/\/www.frigoindus.net\/en\/produit\/bobine-akv10-15-230-vdc-pour-akc-11n\/","url":"https:\/\/www.frigoindus.net\/en\/produit\/bobine-akv10-15-230-vdc-pour-akc-11n\/","name":"Bobine AKV10-15 230 VDC pour AKC 11n | Afric Froid Tunisia","isPartOf":{"@id":"https:\/\/www.frigoindus.net\/en\/#website"},"primaryImageOfPage":{"@id":"https:\/\/www.frigoindus.net\/en\/produit\/bobine-akv10-15-230-vdc-pour-akc-11n\/#primaryimage"},"image":{"@id":"https:\/\/www.frigoindus.net\/en\/produit\/bobine-akv10-15-230-vdc-pour-akc-11n\/#primaryimage"},"thumbnailUrl":"https:\/\/www.frigoindus.net\/wp-content\/uploads\/2023\/02\/ID106634766935-0101.png","datePublished":"2023-02-23T15:56:34+00:00","dateModified":"2023-03-07T15:19:03+00:00","breadcrumb":{"@id":"https:\/\/www.frigoindus.net\/en\/produit\/bobine-akv10-15-230-vdc-pour-akc-11n\/#breadcrumb"},"inLanguage":"en-US","potentialAction":[{"@type":"ReadAction","target":["https:\/\/www.frigoindus.net\/en\/produit\/bobine-akv10-15-230-vdc-pour-akc-11n\/"]}]},{"@type":"ImageObject","inLanguage":"en-US","@id":"https:\/\/www.frigoindus.net\/en\/produit\/bobine-akv10-15-230-vdc-pour-akc-11n\/#primaryimage","url":"https:\/\/www.frigoindus.net\/wp-content\/uploads\/2023\/02\/ID106634766935-0101.png","contentUrl":"https:\/\/www.frigoindus.net\/wp-content\/uploads\/2023\/02\/ID106634766935-0101.png","width":800,"height":800,"caption":"Bo\u00eete \u00e0 borne"},{"@type":"BreadcrumbList","@id":"https:\/\/www.frigoindus.net\/en\/produit\/bobine-akv10-15-230-vdc-pour-akc-11n\/#breadcrumb","itemListElement":[{"@type":"ListItem","position":1,"name":"Accueil","item":"https:\/\/www.frigoindus.net\/"},{"@type":"ListItem","position":2,"name":"Produits","item":"https:\/\/www.frigoindus.net\/boutique\/"},{"@type":"ListItem","position":3,"name":"Bobine AKV10-15 230 VDC pour AKC 11n"}]},{"@type":"WebSite","@id":"https:\/\/www.frigoindus.net\/en\/#website","url":"https:\/\/www.frigoindus.net\/en\/","name":"Afric Froid Tunisie","description":"UNE PRESENCE REGIONALE !","potentialAction":[{"@type":"SearchAction","target":{"@type":"EntryPoint","urlTemplate":"https:\/\/www.frigoindus.net\/en\/?s={search_term_string}"},"query-input":{"@type":"PropertyValueSpecification","valueRequired":true,"valueName":"search_term_string"}}],"inLanguage":"en-US"}]}},"_links":{"self":[{"href":"https:\/\/www.frigoindus.net\/en\/wp-json\/wp\/v2\/product\/8292","targetHints":{"allow":["GET"]}}],"collection":[{"href":"https:\/\/www.frigoindus.net\/en\/wp-json\/wp\/v2\/product"}],"about":[{"href":"https:\/\/www.frigoindus.net\/en\/wp-json\/wp\/v2\/types\/product"}],"wp:featuredmedia":[{"embeddable":true,"href":"https:\/\/www.frigoindus.net\/en\/wp-json\/wp\/v2\/media\/7927"}],"wp:attachment":[{"href":"https:\/\/www.frigoindus.net\/en\/wp-json\/wp\/v2\/media?parent=8292"}],"wp:term":[{"taxonomy":"product_brand","embeddable":true,"href":"https:\/\/www.frigoindus.net\/en\/wp-json\/wp\/v2\/product_brand?post=8292"},{"taxonomy":"product_cat","embeddable":true,"href":"https:\/\/www.frigoindus.net\/en\/wp-json\/wp\/v2\/product_cat?post=8292"},{"taxonomy":"product_tag","embeddable":true,"href":"https:\/\/www.frigoindus.net\/en\/wp-json\/wp\/v2\/product_tag?post=8292"}],"curies":[{"name":"wp","href":"https:\/\/api.w.org\/{rel}","templated":true}]}}