{"id":7578,"date":"2023-02-03T16:22:44","date_gmt":"2023-02-03T15:22:44","guid":{"rendered":"https:\/\/frigoindus.internetsoft.ovh\/?page_id=7578"},"modified":"2025-10-03T12:37:23","modified_gmt":"2025-10-03T10:37:23","slug":"wishlist","status":"publish","type":"page","link":"https:\/\/www.frigoindus.net\/en\/wishlist\/","title":{"rendered":"Wishlist"},"content":{"rendered":"<p>[woodmart_wishlist]<\/p>\n","protected":false},"excerpt":{"rendered":"<p>[woodmart_wishlist]<\/p>\n","protected":false},"author":2,"featured_media":0,"parent":0,"menu_order":0,"comment_status":"closed","ping_status":"closed","template":"","meta":{"footnotes":""},"class_list":["post-7578","page","type-page","status-publish","hentry"],"yoast_head":"<!-- This site is optimized with the Yoast SEO Premium plugin v24.6 (Yoast SEO v24.6) - https:\/\/yoast.com\/wordpress\/plugins\/seo\/ -->\n<title>Wishlist | Afric Froid Tunisia<\/title>\n<meta name=\"description\" content=\"Retrouvez vos produits frigorifiques pr\u00e9f\u00e9r\u00e9s dans votre Wishlist : compresseurs, chambres froides, groupes et \u00e9quipements sp\u00e9cialis\u00e9s.\" \/>\n<meta name=\"robots\" content=\"index, follow, max-snippet:-1, max-image-preview:large, max-video-preview:-1\" \/>\n<link rel=\"canonical\" href=\"https:\/\/www.frigoindus.net\/en\/wishlist\/\" \/>\n<meta property=\"og:locale\" content=\"en_US\" \/>\n<meta property=\"og:type\" content=\"article\" \/>\n<meta property=\"og:title\" content=\"Wishlist\" \/>\n<meta property=\"og:description\" content=\"Retrouvez vos produits frigorifiques pr\u00e9f\u00e9r\u00e9s dans votre Wishlist : compresseurs, chambres froides, groupes et \u00e9quipements sp\u00e9cialis\u00e9s.\" \/>\n<meta property=\"og:url\" content=\"https:\/\/www.frigoindus.net\/en\/wishlist\/\" \/>\n<meta property=\"og:site_name\" content=\"Afric Froid Tunisia\" \/>\n<meta property=\"article:modified_time\" content=\"2025-10-03T10:37:23+00:00\" \/>\n<meta name=\"twitter:card\" content=\"summary_large_image\" \/>\n<meta name=\"twitter:label1\" content=\"Est. reading time\" \/>\n\t<meta name=\"twitter:data1\" content=\"1 minute\" \/>\n<script type=\"application\/ld+json\" class=\"yoast-schema-graph\">{\"@context\":\"https:\/\/schema.org\",\"@graph\":[{\"@type\":\"WebPage\",\"@id\":\"https:\/\/www.frigoindus.net\/en\/wishlist\/\",\"url\":\"https:\/\/www.frigoindus.net\/en\/wishlist\/\",\"name\":\"Wishlist | Afric Froid Tunisia\",\"isPartOf\":{\"@id\":\"https:\/\/www.frigoindus.net\/en\/#website\"},\"datePublished\":\"2023-02-03T15:22:44+00:00\",\"dateModified\":\"2025-10-03T10:37:23+00:00\",\"description\":\"Retrouvez vos produits frigorifiques pr\u00e9f\u00e9r\u00e9s dans votre Wishlist : compresseurs, chambres froides, groupes et \u00e9quipements sp\u00e9cialis\u00e9s.\",\"breadcrumb\":{\"@id\":\"https:\/\/www.frigoindus.net\/en\/wishlist\/#breadcrumb\"},\"inLanguage\":\"en-US\",\"potentialAction\":[{\"@type\":\"ReadAction\",\"target\":[\"https:\/\/www.frigoindus.net\/en\/wishlist\/\"]}]},{\"@type\":\"BreadcrumbList\",\"@id\":\"https:\/\/www.frigoindus.net\/en\/wishlist\/#breadcrumb\",\"itemListElement\":[{\"@type\":\"ListItem\",\"position\":1,\"name\":\"Accueil\",\"item\":\"https:\/\/www.frigoindus.net\/\"},{\"@type\":\"ListItem\",\"position\":2,\"name\":\"Wishlist\"}]},{\"@type\":\"WebSite\",\"@id\":\"https:\/\/www.frigoindus.net\/en\/#website\",\"url\":\"https:\/\/www.frigoindus.net\/en\/\",\"name\":\"Afric Froid Tunisie\",\"description\":\"UNE PRESENCE REGIONALE !\",\"potentialAction\":[{\"@type\":\"SearchAction\",\"target\":{\"@type\":\"EntryPoint\",\"urlTemplate\":\"https:\/\/www.frigoindus.net\/en\/?s={search_term_string}\"},\"query-input\":{\"@type\":\"PropertyValueSpecification\",\"valueRequired\":true,\"valueName\":\"search_term_string\"}}],\"inLanguage\":\"en-US\"}]}<\/script>\n<!-- \/ Yoast SEO Premium plugin. -->","yoast_head_json":{"title":"Wishlist | Afric Froid Tunisia","description":"Retrouvez vos produits frigorifiques pr\u00e9f\u00e9r\u00e9s dans votre Wishlist : compresseurs, chambres froides, groupes et \u00e9quipements sp\u00e9cialis\u00e9s.","robots":{"index":"index","follow":"follow","max-snippet":"max-snippet:-1","max-image-preview":"max-image-preview:large","max-video-preview":"max-video-preview:-1"},"canonical":"https:\/\/www.frigoindus.net\/en\/wishlist\/","og_locale":"en_US","og_type":"article","og_title":"Wishlist","og_description":"Retrouvez vos produits frigorifiques pr\u00e9f\u00e9r\u00e9s dans votre Wishlist : compresseurs, chambres froides, groupes et \u00e9quipements sp\u00e9cialis\u00e9s.","og_url":"https:\/\/www.frigoindus.net\/en\/wishlist\/","og_site_name":"Afric Froid Tunisia","article_modified_time":"2025-10-03T10:37:23+00:00","twitter_card":"summary_large_image","twitter_misc":{"Est. reading time":"1 minute"},"schema":{"@context":"https:\/\/schema.org","@graph":[{"@type":"WebPage","@id":"https:\/\/www.frigoindus.net\/en\/wishlist\/","url":"https:\/\/www.frigoindus.net\/en\/wishlist\/","name":"Wishlist | Afric Froid Tunisia","isPartOf":{"@id":"https:\/\/www.frigoindus.net\/en\/#website"},"datePublished":"2023-02-03T15:22:44+00:00","dateModified":"2025-10-03T10:37:23+00:00","description":"Retrouvez vos produits frigorifiques pr\u00e9f\u00e9r\u00e9s dans votre Wishlist : compresseurs, chambres froides, groupes et \u00e9quipements sp\u00e9cialis\u00e9s.","breadcrumb":{"@id":"https:\/\/www.frigoindus.net\/en\/wishlist\/#breadcrumb"},"inLanguage":"en-US","potentialAction":[{"@type":"ReadAction","target":["https:\/\/www.frigoindus.net\/en\/wishlist\/"]}]},{"@type":"BreadcrumbList","@id":"https:\/\/www.frigoindus.net\/en\/wishlist\/#breadcrumb","itemListElement":[{"@type":"ListItem","position":1,"name":"Accueil","item":"https:\/\/www.frigoindus.net\/"},{"@type":"ListItem","position":2,"name":"Wishlist"}]},{"@type":"WebSite","@id":"https:\/\/www.frigoindus.net\/en\/#website","url":"https:\/\/www.frigoindus.net\/en\/","name":"Afric Froid Tunisie","description":"UNE PRESENCE REGIONALE !","potentialAction":[{"@type":"SearchAction","target":{"@type":"EntryPoint","urlTemplate":"https:\/\/www.frigoindus.net\/en\/?s={search_term_string}"},"query-input":{"@type":"PropertyValueSpecification","valueRequired":true,"valueName":"search_term_string"}}],"inLanguage":"en-US"}]}},"_links":{"self":[{"href":"https:\/\/www.frigoindus.net\/en\/wp-json\/wp\/v2\/pages\/7578","targetHints":{"allow":["GET"]}}],"collection":[{"href":"https:\/\/www.frigoindus.net\/en\/wp-json\/wp\/v2\/pages"}],"about":[{"href":"https:\/\/www.frigoindus.net\/en\/wp-json\/wp\/v2\/types\/page"}],"author":[{"embeddable":true,"href":"https:\/\/www.frigoindus.net\/en\/wp-json\/wp\/v2\/users\/2"}],"replies":[{"embeddable":true,"href":"https:\/\/www.frigoindus.net\/en\/wp-json\/wp\/v2\/comments?post=7578"}],"version-history":[{"count":1,"href":"https:\/\/www.frigoindus.net\/en\/wp-json\/wp\/v2\/pages\/7578\/revisions"}],"predecessor-version":[{"id":10420,"href":"https:\/\/www.frigoindus.net\/en\/wp-json\/wp\/v2\/pages\/7578\/revisions\/10420"}],"wp:attachment":[{"href":"https:\/\/www.frigoindus.net\/en\/wp-json\/wp\/v2\/media?parent=7578"}],"curies":[{"name":"wp","href":"https:\/\/api.w.org\/{rel}","templated":true}]}}